{"id":2425,"date":"2023-05-31T15:24:51","date_gmt":"2023-05-31T13:24:51","guid":{"rendered":"https:\/\/renosystemes.com\/new\/?page_id=2425"},"modified":"2026-01-14T16:35:13","modified_gmt":"2026-01-14T15:35:13","slug":"facade","status":"publish","type":"page","link":"https:\/\/renosystemes.com\/merignac\/facade\/","title":{"rendered":"Fa\u00e7ade"},"content":{"rendered":"\t\t<div data-elementor-type=\"wp-page\" data-elementor-id=\"2425\" class=\"elementor elementor-2425\" data-elementor-post-type=\"page\">\n\t\t\t\t\t\t<section class=\"elementor-section elementor-top-section elementor-element elementor-element-2c9977a elementor-section-height-min-height elementor-section-boxed elementor-section-height-default elementor-section-items-middle wpr-particle-no wpr-jarallax-no wpr-parallax-no wpr-sticky-section-no wpr-equal-height-no\" data-id=\"2c9977a\" data-element_type=\"section\" data-e-type=\"section\" data-settings=\"{&quot;background_background&quot;:&quot;classic&quot;,&quot;shape_divider_bottom&quot;:&quot;triangle-asymmetrical&quot;}\">\n\t\t\t\t\t\t\t<div class=\"elementor-background-overlay\"><\/div>\n\t\t\t\t\t\t<div class=\"elementor-shape elementor-shape-bottom\" aria-hidden=\"true\" data-negative=\"false\">\n\t\t\t<svg xmlns=\"http:\/\/www.w3.org\/2000\/svg\" viewBox=\"0 0 1000 100\" preserveAspectRatio=\"none\">\n\t<path class=\"elementor-shape-fill\" d=\"M738,99l262-93V0H0v5.6L738,99z\"\/>\n<\/svg>\t\t<\/div>\n\t\t\t\t\t<div class=\"elementor-container elementor-column-gap-default\">\n\t\t\t\t\t<div class=\"elementor-column elementor-col-100 elementor-top-column elementor-element elementor-element-81fd756\" data-id=\"81fd756\" data-element_type=\"column\" data-e-type=\"column\">\n\t\t\t<div class=\"elementor-widget-wrap\">\n\t\t\t\t\t\t\t<\/div>\n\t\t<\/div>\n\t\t\t\t\t<\/div>\n\t\t<\/section>\n\t\t\t\t<section class=\"elementor-section elementor-top-section elementor-element elementor-element-de1b71c elementor-section-boxed elementor-section-height-default elementor-section-height-default wpr-particle-no wpr-jarallax-no wpr-parallax-no wpr-sticky-section-no wpr-equal-height-no elementor-invisible\" data-id=\"de1b71c\" data-element_type=\"section\" data-e-type=\"section\" data-settings=\"{&quot;animation&quot;:&quot;fadeIn&quot;}\">\n\t\t\t\t\t\t<div class=\"elementor-container elementor-column-gap-extended\">\n\t\t\t\t\t<div class=\"elementor-column elementor-col-50 elementor-top-column elementor-element elementor-element-a775099\" data-id=\"a775099\" data-element_type=\"column\" data-e-type=\"column\">\n\t\t\t<div class=\"elementor-widget-wrap elementor-element-populated\">\n\t\t\t\t\t\t<div class=\"elementor-element elementor-element-d3af91c elementor-widget elementor-widget-heading\" data-id=\"d3af91c\" data-element_type=\"widget\" data-e-type=\"widget\" data-widget_type=\"heading.default\">\n\t\t\t\t<div class=\"elementor-widget-container\">\n\t\t\t\t\t<h2 class=\"elementor-heading-title elementor-size-default\">Fa\u00e7ades<\/h2>\t\t\t\t<\/div>\n\t\t\t\t<\/div>\n\t\t\t\t<div class=\"elementor-element elementor-element-abcc83d elementor-widget elementor-widget-text-editor\" data-id=\"abcc83d\" data-element_type=\"widget\" data-e-type=\"widget\" data-widget_type=\"text-editor.default\">\n\t\t\t\t<div class=\"elementor-widget-container\">\n\t\t\t\t\t\t\t\t\t<p>Renosyst\u00e8mes compte <b>3 \u00e9quipes de fa\u00e7adiers de m\u00e9tier <\/b>avec plusieurs ann\u00e9es d&rsquo;exp\u00e9rience. Nous r\u00e9alisons nos chantiers avec les produits de la <b>marque STO, fournisseur exclusif<\/b>. Leurs produits sont connus pour \u00eatre fiables et r\u00e9sistants. Nous sommes PRO ITE depuis 2015.\u00a0<\/p><p><b>Nos chantiers respectent \u00e0 la lettre le cahier des charges de notre fabricant (DTA et DTU)<\/b>. Chaque \u00e9tape de notre r\u00e9alisation est \u00e0 chaque fois d\u00e9taill\u00e9e dans nos devis, nous listons tous les produits utilis\u00e9s, les fiches techniques et ACERMI sont \u00e0 votre disposition au moment du devis. <b>Nous nous d\u00e9pla\u00e7ons gratuitement pour faire un diagnostic<\/b> <b>pr\u00e9cis<\/b> en fonction de l&rsquo;\u00e9tat de votre fa\u00e7ade.<\/p>\t\t\t\t\t\t\t\t<\/div>\n\t\t\t\t<\/div>\n\t\t\t\t<div class=\"elementor-element elementor-element-1bf60ec elementor-list-item-link-full_width elementor-widget elementor-widget-icon-list\" data-id=\"1bf60ec\" data-element_type=\"widget\" data-e-type=\"widget\" data-widget_type=\"icon-list.default\">\n\t\t\t\t<div class=\"elementor-widget-container\">\n\t\t\t\t\t\t\t<ul class=\"elementor-icon-list-items\">\n\t\t\t\t\t\t\t<li class=\"elementor-icon-list-item\">\n\t\t\t\t\t\t\t\t\t\t\t<span class=\"elementor-icon-list-icon\">\n\t\t\t\t\t\t\t<svg aria-hidden=\"true\" class=\"e-font-icon-svg e-fas-check-circle\" viewBox=\"0 0 512 512\" xmlns=\"http:\/\/www.w3.org\/2000\/svg\"><path d=\"M504 256c0 136.967-111.033 248-248 248S8 392.967 8 256 119.033 8 256 8s248 111.033 248 248zM227.314 387.314l184-184c6.248-6.248 6.248-16.379 0-22.627l-22.627-22.627c-6.248-6.249-16.379-6.249-22.628 0L216 308.118l-70.059-70.059c-6.248-6.248-16.379-6.248-22.628 0l-22.627 22.627c-6.248 6.248-6.248 16.379 0 22.627l104 104c6.249 6.249 16.379 6.249 22.628.001z\"><\/path><\/svg>\t\t\t\t\t\t<\/span>\n\t\t\t\t\t\t\t\t\t\t<span class=\"elementor-icon-list-text\">Isolation thermique des murs par l'ext\u00e9rieur<\/span>\n\t\t\t\t\t\t\t\t\t<\/li>\n\t\t\t\t\t\t\t\t<li class=\"elementor-icon-list-item\">\n\t\t\t\t\t\t\t\t\t\t\t<span class=\"elementor-icon-list-icon\">\n\t\t\t\t\t\t\t<svg aria-hidden=\"true\" class=\"e-font-icon-svg e-fas-check-circle\" viewBox=\"0 0 512 512\" xmlns=\"http:\/\/www.w3.org\/2000\/svg\"><path d=\"M504 256c0 136.967-111.033 248-248 248S8 392.967 8 256 119.033 8 256 8s248 111.033 248 248zM227.314 387.314l184-184c6.248-6.248 6.248-16.379 0-22.627l-22.627-22.627c-6.248-6.249-16.379-6.249-22.628 0L216 308.118l-70.059-70.059c-6.248-6.248-16.379-6.248-22.628 0l-22.627 22.627c-6.248 6.248-6.248 16.379 0 22.627l104 104c6.249 6.249 16.379 6.249 22.628.001z\"><\/path><\/svg>\t\t\t\t\t\t<\/span>\n\t\t\t\t\t\t\t\t\t\t<span class=\"elementor-icon-list-text\">Ravalement de fa\u00e7ade  <\/span>\n\t\t\t\t\t\t\t\t\t<\/li>\n\t\t\t\t\t\t\t\t<li class=\"elementor-icon-list-item\">\n\t\t\t\t\t\t\t\t\t\t\t<span class=\"elementor-icon-list-icon\">\n\t\t\t\t\t\t\t<svg aria-hidden=\"true\" class=\"e-font-icon-svg e-fas-check-circle\" viewBox=\"0 0 512 512\" xmlns=\"http:\/\/www.w3.org\/2000\/svg\"><path d=\"M504 256c0 136.967-111.033 248-248 248S8 392.967 8 256 119.033 8 256 8s248 111.033 248 248zM227.314 387.314l184-184c6.248-6.248 6.248-16.379 0-22.627l-22.627-22.627c-6.248-6.249-16.379-6.249-22.628 0L216 308.118l-70.059-70.059c-6.248-6.248-16.379-6.248-22.628 0l-22.627 22.627c-6.248 6.248-6.248 16.379 0 22.627l104 104c6.249 6.249 16.379 6.249 22.628.001z\"><\/path><\/svg>\t\t\t\t\t\t<\/span>\n\t\t\t\t\t\t\t\t\t\t<span class=\"elementor-icon-list-text\">Traitement de fa\u00e7ade color\u00e9 par peinture r\u00e9sin\u00e9e.<\/span>\n\t\t\t\t\t\t\t\t\t<\/li>\n\t\t\t\t\t\t<\/ul>\n\t\t\t\t\t\t<\/div>\n\t\t\t\t<\/div>\n\t\t\t\t\t<\/div>\n\t\t<\/div>\n\t\t\t\t<div class=\"elementor-column elementor-col-50 elementor-top-column elementor-element elementor-element-23c1c52 elementor-hidden-tablet elementor-hidden-mobile\" data-id=\"23c1c52\" data-element_type=\"column\" data-e-type=\"column\">\n\t\t\t<div class=\"elementor-widget-wrap elementor-element-populated\">\n\t\t\t\t\t\t<div class=\"elementor-element elementor-element-c0b179a elementor-widget elementor-widget-image\" data-id=\"c0b179a\" data-element_type=\"widget\" data-e-type=\"widget\" data-widget_type=\"image.default\">\n\t\t\t\t<div class=\"elementor-widget-container\">\n\t\t\t\t\t\t\t\t\t\t\t\t\t\t\t<img fetchpriority=\"high\" decoding=\"async\" width=\"239\" height=\"300\" src=\"https:\/\/renosystemes.com\/merignac\/wp-content\/uploads\/sites\/14\/2023\/04\/logo-qualibat-2016-239x300.jpg\" class=\"attachment-medium size-medium wp-image-2127\" alt=\"\" srcset=\"https:\/\/renosystemes.com\/merignac\/wp-content\/uploads\/sites\/14\/2023\/04\/logo-qualibat-2016-239x300.jpg 239w, https:\/\/renosystemes.com\/merignac\/wp-content\/uploads\/sites\/14\/2023\/04\/logo-qualibat-2016.jpg 438w\" sizes=\"(max-width: 239px) 100vw, 239px\" \/>\t\t\t\t\t\t\t\t\t\t\t\t\t\t\t<\/div>\n\t\t\t\t<\/div>\n\t\t\t\t\t<\/div>\n\t\t<\/div>\n\t\t\t\t\t<\/div>\n\t\t<\/section>\n\t\t\t\t<section class=\"elementor-section elementor-top-section elementor-element elementor-element-8f0121a elementor-section-boxed elementor-section-height-default elementor-section-height-default wpr-particle-no wpr-jarallax-no wpr-parallax-no wpr-sticky-section-no wpr-equal-height-no\" data-id=\"8f0121a\" data-element_type=\"section\" data-e-type=\"section\">\n\t\t\t\t\t\t<div class=\"elementor-container elementor-column-gap-default\">\n\t\t\t\t\t<div class=\"elementor-column elementor-col-100 elementor-top-column elementor-element elementor-element-6374d73\" data-id=\"6374d73\" data-element_type=\"column\" data-e-type=\"column\">\n\t\t\t<div class=\"elementor-widget-wrap elementor-element-populated\">\n\t\t\t\t\t\t<div class=\"elementor-element elementor-element-11e0d84 elementor-widget elementor-widget-heading\" data-id=\"11e0d84\" data-element_type=\"widget\" data-e-type=\"widget\" data-widget_type=\"heading.default\">\n\t\t\t\t<div class=\"elementor-widget-container\">\n\t\t\t\t\t<h2 class=\"elementor-heading-title elementor-size-default\">R\u00e9alisations r\u00e9centes<\/h2>\t\t\t\t<\/div>\n\t\t\t\t<\/div>\n\t\t\t\t\t<\/div>\n\t\t<\/div>\n\t\t\t\t\t<\/div>\n\t\t<\/section>\n\t\t\t\t<section class=\"elementor-section elementor-top-section elementor-element elementor-element-bb8802e elementor-section-boxed elementor-section-height-default elementor-section-height-default wpr-particle-no wpr-jarallax-no wpr-parallax-no wpr-sticky-section-no wpr-equal-height-no\" data-id=\"bb8802e\" data-element_type=\"section\" data-e-type=\"section\">\n\t\t\t\t\t\t<div class=\"elementor-container elementor-column-gap-default\">\n\t\t\t\t\t<div class=\"elementor-column elementor-col-100 elementor-top-column elementor-element elementor-element-79fa594\" data-id=\"79fa594\" data-element_type=\"column\" data-e-type=\"column\">\n\t\t\t<div class=\"elementor-widget-wrap elementor-element-populated\">\n\t\t\t\t\t\t<div class=\"elementor-element elementor-element-9912f73 elementor-widget elementor-widget-video\" data-id=\"9912f73\" data-element_type=\"widget\" data-e-type=\"widget\" data-settings=\"{&quot;youtube_url&quot;:&quot;https:\\\/\\\/youtu.be\\\/-pSDhSNjRuU&quot;,&quot;autoplay&quot;:&quot;yes&quot;,&quot;loop&quot;:&quot;yes&quot;,&quot;video_type&quot;:&quot;youtube&quot;,&quot;controls&quot;:&quot;yes&quot;}\" data-widget_type=\"video.default\">\n\t\t\t\t<div class=\"elementor-widget-container\">\n\t\t\t\t\t\t\t<div class=\"elementor-wrapper elementor-open-inline\">\n\t\t\t<div class=\"elementor-video\"><\/div>\t\t<\/div>\n\t\t\t\t\t\t<\/div>\n\t\t\t\t<\/div>\n\t\t\t\t\t<\/div>\n\t\t<\/div>\n\t\t\t\t\t<\/div>\n\t\t<\/section>\n\t\t\t\t<section class=\"elementor-section elementor-top-section elementor-element elementor-element-e3f99f0 elementor-section-boxed elementor-section-height-default elementor-section-height-default wpr-particle-no wpr-jarallax-no wpr-parallax-no wpr-sticky-section-no wpr-equal-height-no elementor-invisible\" data-id=\"e3f99f0\" data-element_type=\"section\" data-e-type=\"section\" data-settings=\"{&quot;animation&quot;:&quot;fadeIn&quot;}\">\n\t\t\t\t\t\t<div class=\"elementor-container elementor-column-gap-extended\">\n\t\t\t\t\t<div class=\"elementor-column elementor-col-50 elementor-top-column elementor-element elementor-element-aedc8e0\" data-id=\"aedc8e0\" data-element_type=\"column\" data-e-type=\"column\">\n\t\t\t<div class=\"elementor-widget-wrap elementor-element-populated\">\n\t\t\t\t\t\t<div class=\"elementor-element elementor-element-3b3aaee elementor-widget elementor-widget-heading\" data-id=\"3b3aaee\" data-element_type=\"widget\" data-e-type=\"widget\" data-widget_type=\"heading.default\">\n\t\t\t\t<div class=\"elementor-widget-container\">\n\t\t\t\t\t<h2 class=\"elementor-heading-title elementor-size-default\">Catalogue<\/h2>\t\t\t\t<\/div>\n\t\t\t\t<\/div>\n\t\t\t\t<div class=\"elementor-element elementor-element-9f1ae53 elementor-widget elementor-widget-text-editor\" data-id=\"9f1ae53\" data-element_type=\"widget\" data-e-type=\"widget\" data-widget_type=\"text-editor.default\">\n\t\t\t\t<div class=\"elementor-widget-container\">\n\t\t\t\t\t\t\t\t\t<p style=\"text-align: left;\"><span style=\"font-size: 14pt;\">Consultez le <b>guide de l&rsquo;artisan de notre partenaire STO.<\/b>\u00a0<\/span><\/p><p style=\"text-align: left;\"><span style=\"font-size: 14pt;\">Il aborde non seulement chacune des \u00e9tapes d\u2019un chantier d\u2019isolation thermique par l\u2019ext\u00e9rieur mais \u00e9galement les meilleures solutions de ravalement, de peintures, d\u2019enduits minces sur isolant, d\u2019entretien et de r\u00e9paration ainsi que de travaux d\u2019int\u00e9rieur.<\/span><\/p>\t\t\t\t\t\t\t\t<\/div>\n\t\t\t\t<\/div>\n\t\t\t\t<div class=\"elementor-element elementor-element-eb0f474 elementor-align-left elementor-widget elementor-widget-button\" data-id=\"eb0f474\" data-element_type=\"widget\" data-e-type=\"widget\" data-widget_type=\"button.default\">\n\t\t\t\t<div class=\"elementor-widget-container\">\n\t\t\t\t\t\t\t\t\t<div class=\"elementor-button-wrapper\">\n\t\t\t\t\t<a class=\"elementor-button elementor-button-link elementor-size-md\" href=\"https:\/\/renosystemes.com\/merignac\/merignac\/new\/wp-content\/uploads\/sites\/14\/2023\/05\/Guide-artisan.pdf\" target=\"_blank\">\n\t\t\t\t\t\t<span class=\"elementor-button-content-wrapper\">\n\t\t\t\t\t\t\t\t\t<span class=\"elementor-button-text\">Cliquez ici<\/span>\n\t\t\t\t\t<\/span>\n\t\t\t\t\t<\/a>\n\t\t\t\t<\/div>\n\t\t\t\t\t\t\t\t<\/div>\n\t\t\t\t<\/div>\n\t\t\t\t\t<\/div>\n\t\t<\/div>\n\t\t\t\t<div class=\"elementor-column elementor-col-50 elementor-top-column elementor-element elementor-element-93febcd\" data-id=\"93febcd\" data-element_type=\"column\" data-e-type=\"column\">\n\t\t\t<div class=\"elementor-widget-wrap elementor-element-populated\">\n\t\t\t\t\t\t<div class=\"elementor-element elementor-element-9bc6634 elementor-widget elementor-widget-image\" data-id=\"9bc6634\" data-element_type=\"widget\" data-e-type=\"widget\" data-widget_type=\"image.default\">\n\t\t\t\t<div class=\"elementor-widget-container\">\n\t\t\t\t\t\t\t\t\t\t\t\t\t\t\t<img decoding=\"async\" width=\"212\" height=\"300\" src=\"https:\/\/renosystemes.com\/merignac\/wp-content\/uploads\/sites\/14\/2023\/05\/STO-212x300.png\" class=\"attachment-medium size-medium wp-image-2445\" alt=\"\" srcset=\"https:\/\/renosystemes.com\/merignac\/wp-content\/uploads\/sites\/14\/2023\/05\/STO-212x300.png 212w, https:\/\/renosystemes.com\/merignac\/wp-content\/uploads\/sites\/14\/2023\/05\/STO-724x1024.png 724w, https:\/\/renosystemes.com\/merignac\/wp-content\/uploads\/sites\/14\/2023\/05\/STO-768x1086.png 768w, https:\/\/renosystemes.com\/merignac\/wp-content\/uploads\/sites\/14\/2023\/05\/STO-1086x1536.png 1086w, https:\/\/renosystemes.com\/merignac\/wp-content\/uploads\/sites\/14\/2023\/05\/STO.png 1414w\" sizes=\"(max-width: 212px) 100vw, 212px\" \/>\t\t\t\t\t\t\t\t\t\t\t\t\t\t\t<\/div>\n\t\t\t\t<\/div>\n\t\t\t\t\t<\/div>\n\t\t<\/div>\n\t\t\t\t\t<\/div>\n\t\t<\/section>\n\t\t\t\t<\/div>\n\t\t","protected":false},"excerpt":{"rendered":"<p>Fa\u00e7ades Renosyst\u00e8mes compte 3 \u00e9quipes de fa\u00e7adiers de m\u00e9tier avec plusieurs ann\u00e9es d&rsquo;exp\u00e9rience. Nous r\u00e9alisons nos chantiers avec les produits de la marque STO, fournisseur exclusif. Leurs produits sont connus pour \u00eatre fiables et r\u00e9sistants. Nous sommes PRO ITE depuis 2015.\u00a0 Nos chantiers respectent \u00e0 la lettre le cahier des charges de notre fabricant (DTA et DTU). Chaque \u00e9tape de notre r\u00e9alisation est \u00e0 chaque fois d\u00e9taill\u00e9e dans nos devis, nous listons tous les produits utilis\u00e9s, les fiches techniques et ACERMI sont \u00e0 votre disposition au moment du devis. Nous nous d\u00e9pla\u00e7ons gratuitement pour faire un diagnostic pr\u00e9cis en fonction de l&rsquo;\u00e9tat de votre fa\u00e7ade. Isolation thermique des murs par l&rsquo;ext\u00e9rieur Ravalement de fa\u00e7ade Traitement de fa\u00e7ade color\u00e9 par peinture r\u00e9sin\u00e9e. R\u00e9alisations r\u00e9centes Catalogue Consultez le guide de l&rsquo;artisan de notre partenaire STO.\u00a0 Il aborde non seulement chacune des \u00e9tapes d\u2019un chantier d\u2019isolation thermique par l\u2019ext\u00e9rieur mais \u00e9galement les meilleures solutions de ravalement, de peintures, d\u2019enduits minces sur isolant, d\u2019entretien et de r\u00e9paration ainsi que de travaux d\u2019int\u00e9rieur. Cliquez ici<\/p>\n","protected":false},"author":8,"featured_media":0,"parent":0,"menu_order":0,"comment_status":"closed","ping_status":"closed","template":"elementor_canvas","meta":{"_seopress_robots_primary_cat":"","_seopress_titles_title":"Travaux de fa\u00e7ades : ravalement, traitement et isolation thermique des murs","_seopress_titles_desc":"Nos ouvriers qualifi\u00e9s et salari\u00e9s r\u00e9alisent tous travaux de fa\u00e7ade. Appelez-nous au 0556447077, un technicien conseil se d\u00e9placera pour une \u00e9tude gratuite.","_seopress_robots_index":"","footnotes":""},"class_list":["post-2425","page","type-page","status-publish","hentry"],"_links":{"self":[{"href":"https:\/\/renosystemes.com\/merignac\/wp-json\/wp\/v2\/pages\/2425","targetHints":{"allow":["GET"]}}],"collection":[{"href":"https:\/\/renosystemes.com\/merignac\/wp-json\/wp\/v2\/pages"}],"about":[{"href":"https:\/\/renosystemes.com\/merignac\/wp-json\/wp\/v2\/types\/page"}],"author":[{"embeddable":true,"href":"https:\/\/renosystemes.com\/merignac\/wp-json\/wp\/v2\/users\/8"}],"replies":[{"embeddable":true,"href":"https:\/\/renosystemes.com\/merignac\/wp-json\/wp\/v2\/comments?post=2425"}],"version-history":[{"count":60,"href":"https:\/\/renosystemes.com\/merignac\/wp-json\/wp\/v2\/pages\/2425\/revisions"}],"predecessor-version":[{"id":3782,"href":"https:\/\/renosystemes.com\/merignac\/wp-json\/wp\/v2\/pages\/2425\/revisions\/3782"}],"wp:attachment":[{"href":"https:\/\/renosystemes.com\/merignac\/wp-json\/wp\/v2\/media?parent=2425"}],"curies":[{"name":"wp","href":"https:\/\/api.w.org\/{rel}","templated":true}]}}